{"id":8,"date":"2017-02-14T19:03:26","date_gmt":"2017-02-14T19:03:26","guid":{"rendered":"https:\/\/www.douglasfisiopilates.com.br\/site\/?page_id=8"},"modified":"2024-10-30T16:19:25","modified_gmt":"2024-10-30T19:19:25","slug":"quem-somos","status":"publish","type":"page","link":"https:\/\/www.douglasfisiopilates.com.br\/site\/quem-somos\/","title":{"rendered":"Sobre"},"content":{"rendered":"<p>Somos um centro de sa\u00fade, com mais de 7 anos de experi\u00eancia, que oferece servi\u00e7os de Fisioterapia e Pilates para a comunidade de Passo Fundo e regi\u00e3o. Temos uma equipe altamente capacitada e dedicada, que trabalha em conjunto para proporcionar o melhor tratamento para nossos pacientes. Al\u00e9m disso, oferecemos um ambiente acolhedor e confort\u00e1vel para que nossos pacientes possam se sentir \u00e0 vontade durante o tratamento.<\/p>\n<div class=\"foogallery foogallery-container foogallery-default foogallery-lightbox-foobox fg-gutter-10 fg-center fg-default fg-light fg-border-thin fg-round-medium fg-shadow-medium fg-shadow-inset-large fg-loading-default fg-loaded-fade-in fg-custom   fg-caption-hover fg-hover-fade fg-hover-zoom\" id=\"foogallery-gallery-235\" data-foogallery=\"{&quot;item&quot;:{&quot;showCaptionTitle&quot;:true,&quot;showCaptionDescription&quot;:true},&quot;lazy&quot;:true,&quot;src&quot;:&quot;data-src-fg&quot;,&quot;srcset&quot;:&quot;data-srcset-fg&quot;}\" data-fg-common-fields=\"1\" >\n\t<div class=\"fg-item\"><figure class=\"fg-item-inner\"><a  href=\"https:\/\/www.douglasfisiopilates.com.br\/site\/wp-content\/uploads\/2019\/01\/IMG_4325.jpg\" data-attachment-id=\"324\" class=\" fg-thumb\"><img  width=\"200\" height=\"200\" data-src-fg=\"https:\/\/www.douglasfisiopilates.com.br\/site\/wp-content\/uploads\/cache\/2019\/01\/IMG_4325\/2956597716.jpg\" class=\"fg-image\" \/><\/a><figcaption class=\"fg-caption\"><div class=\"fg-caption-inner\"><\/div><\/figcaption><\/figure><\/div><div class=\"fg-item\"><figure class=\"fg-item-inner\"><a  href=\"https:\/\/www.douglasfisiopilates.com.br\/site\/wp-content\/uploads\/2019\/01\/IMG_4332.jpg\" data-attachment-id=\"325\" class=\" fg-thumb\"><img  width=\"200\" height=\"200\" data-src-fg=\"https:\/\/www.douglasfisiopilates.com.br\/site\/wp-content\/uploads\/cache\/2019\/01\/IMG_4332\/3274740252.jpg\" class=\"fg-image\" \/><\/a><figcaption class=\"fg-caption\"><div class=\"fg-caption-inner\"><\/div><\/figcaption><\/figure><\/div><div class=\"fg-item\"><figure class=\"fg-item-inner\"><a  href=\"https:\/\/www.douglasfisiopilates.com.br\/site\/wp-content\/uploads\/2019\/01\/IMG_4343.jpg\" data-attachment-id=\"326\" class=\" fg-thumb\"><img  width=\"200\" height=\"200\" data-src-fg=\"https:\/\/www.douglasfisiopilates.com.br\/site\/wp-content\/uploads\/cache\/2019\/01\/IMG_4343\/3626386685.jpg\" class=\"fg-image\" \/><\/a><figcaption class=\"fg-caption\"><div class=\"fg-caption-inner\"><\/div><\/figcaption><\/figure><\/div><div class=\"fg-item\"><figure class=\"fg-item-inner\"><a  href=\"https:\/\/www.douglasfisiopilates.com.br\/site\/wp-content\/uploads\/2019\/01\/IMG_4354.jpg\" data-attachment-id=\"327\" class=\" fg-thumb\"><img  width=\"200\" height=\"200\" data-src-fg=\"https:\/\/www.douglasfisiopilates.com.br\/site\/wp-content\/uploads\/cache\/2019\/01\/IMG_4354\/2871840565.jpg\" class=\"fg-image\" \/><\/a><figcaption class=\"fg-caption\"><div class=\"fg-caption-inner\"><\/div><\/figcaption><\/figure><\/div><div class=\"fg-item\"><figure class=\"fg-item-inner\"><a  href=\"https:\/\/www.douglasfisiopilates.com.br\/site\/wp-content\/uploads\/2019\/01\/IMG_4370.jpg\" data-attachment-id=\"328\" class=\" fg-thumb\"><img  width=\"200\" height=\"200\" data-src-fg=\"https:\/\/www.douglasfisiopilates.com.br\/site\/wp-content\/uploads\/cache\/2019\/01\/IMG_4370\/279492324.jpg\" class=\"fg-image\" \/><\/a><figcaption class=\"fg-caption\"><div class=\"fg-caption-inner\"><\/div><\/figcaption><\/figure><\/div><\/div>\n\n<blockquote><p><strong>MISS\u00c3O:<\/strong><\/p>\n<p><em>Proporcionar a nossos clientes uma experi\u00eancia \u00fanica de bem-estar e equil\u00edbrio\u00a0com seu corpo.<\/em><\/p><\/blockquote>\n<blockquote><p><strong>VIS\u00c3O:<\/strong><\/p>\n<p><em>Ser refer\u00eancia em servi\u00e7os de sa\u00fade, bem-estar e reabilita\u00e7\u00e3o.<\/em><\/p><\/blockquote>\n<blockquote><p><strong>VALORES:<\/strong><\/p>\n<ul>\n<li><em>Respira\u00e7\u00e3o, possibilitar o cliente entrar em sintonia com seu corpo.<\/em><\/li>\n<li><em>Equil\u00edbrio, proporcionar um\u00a0espa\u00e7o onde\u00a0mente e corpo trabalhem juntos.<\/em><\/li>\n<li><em>Foco, o processo nem sempre \u00e9 f\u00e1cil, por isso motivamos e acompanhamos o cliente na busca seu\u00a0objetivo.<\/em><\/li>\n<li><em>Inova\u00e7\u00e3o, buscar novas t\u00e9cnicas e recursos que qualifiquem o atendimento.<\/em><\/li>\n<li><em>Exclusividade, proporcionar a nossos clientes experi\u00eancias personalizadas de bem-estar e\u00a0equil\u00edbrio\u00a0com seu corpo.<\/em><\/li>\n<\/ul>\n<\/blockquote>\n<div style=\"display: none;\">\n<p>fisioterapia passo fundo fisioterapeuta passo fundo, douglas em passo fundo, fisio, Passo Fundo RS, fisio e tratamento da dor fundo<\/p>\n<h1>fisio em Passo Fundo,\u00a0douglas passo fundo, fisioterapeuta passo fundo,<\/h1>\n<h2>fisio em passo fundo, fisioterapia passo fundo e regi\u00e3o, fisioterapeuta passo fundo em passo fundo, fisio fisio passo fundo, medicina em passo fundo rs, fisio, para passo fundo e regi\u00e3o, fisio para passo fundo e regi\u00e3o\u00a0exame tratamento da dor fundo de fisio em passo fundo, fisioterapia passo fundo e regi\u00e3o, fisioterapeuta passo fundo em passo fundo, fisio fisio passo fundo, medicina em passo fundo rs, fisio,<a title=\"exame tratamento da dor fundo de fisio em passo fundo, fisioterapia passo fundo e regi\u00e3o, fisioterapeuta passo fundo em passo fundo, fisio fisio passo fundo, medicina em passo fundo rs, fisio, para passo fundo e regi\u00e3o, fisio para passo fundo e regi\u00e3o\" href=\"https:\/\/www.douglasfisiopilates.com.br\">para passo fundo e regi\u00e3o, fisio para passo fundo e regi\u00e3o\u00a0exame tratamento da dor fundo de fisio em passo fundo, fisioterapia passo fundo e regi\u00e3o, fisioterapeuta passo fundo em passo fundo, fisio fisio passo fundo, medicina em passo fundo rs, fisio<\/a>, para passo fundo e regi\u00e3o, fisio para passo fundo e regi\u00e3o\u00a0exame tratamento da dor fundo de fisio em passo fundo, fisioterapia passo fundo e regi\u00e3o, fisioterapeuta passo fundo em passo fundo, fisio fisio passo fundo, medicina em passo fundo rs, fisio, para passo fundo e regi\u00e3o, fisio para passo fundo e regi\u00e3o\u00a0exame tratamento da dor fundo de fisio em passo fundo, fisioterapia passo fundo e regi\u00e3o, fisioterapeuta passo fundo em passo fundo, fisio fisio passo fundo, medicina em passo fundo rs, fisio, para passo fundo e regi\u00e3o,<a title=\"exame tratamento da dor fundo de fisio em passo fundo, fisioterapia passo fundo e regi\u00e3o, fisioterapeuta passo fundo em passo fundo, fisio fisio passo fundo, medicina em passo fundo rs, fisio, para passo fundo e regi\u00e3o, fisio para passo fundo e regi\u00e3o\" href=\"https:\/\/www.douglasfisiopilates.com.br\/site\">fisio para passo fundo e regi\u00e3o\u00a0exame tratamento da dor fundo de fisio em passo fundo, fisioterapia passo fundo e regi\u00e3o, cria\u00e7\u00e3o de sit<\/a>es em passo fundo, fisio fisio passo fundo, medicina em passo fundo rs, fisio, para passo fundo e regi\u00e3o, fisio para passo fundo e regi\u00e3o<\/h2>\n<div id=\"attachment_747\" style=\"width: 353px\" class=\"wp-caption aligncenter\"><a href=\"https:\/\/www.douglasfisiopilates.com.br\/site\/wp-content\/uploads\/2013\/06\/per\u00edcia-m\u00e9dica-passo-fundo-rs.jpg\"><img decoding=\"async\" aria-describedby=\"caption-attachment-747\" class=\"size-full wp-image-747 \" title=\"exame tratamento da dor fundo de fisio em Passo Fundo\" src=\"https:\/\/www.douglasfisiopilates.com.br\/site\/wp-content\/uploads\/2013\/06\/per\u00edcia-m\u00e9dica-passo-fundo-rs.jpg\" alt=\"exame tratamento da dor fundo de fisio em Passo Fundo\" width=\"343\" height=\"300\"  loading=\"lazy\" \/><\/a><p id=\"caption-attachment-747\" class=\"wp-caption-text\">exame tratamento da dor fundo de fisio em Passo Fundo<\/p><\/div>\n<\/div>\n","protected":false},"excerpt":{"rendered":"<p>Somos um centro de sa\u00fade, com mais de 7 anos de experi\u00eancia, que oferece servi\u00e7os [&hellip;]<\/p>\n","protected":false},"author":1,"featured_media":0,"parent":0,"menu_order":4,"comment_status":"closed","ping_status":"closed","template":"","meta":{"footnotes":""},"class_list":["post-8","page","type-page","status-publish","hentry"],"_links":{"self":[{"href":"https:\/\/www.douglasfisiopilates.com.br\/site\/wp-json\/wp\/v2\/pages\/8","targetHints":{"allow":["GET"]}}],"collection":[{"href":"https:\/\/www.douglasfisiopilates.com.br\/site\/wp-json\/wp\/v2\/pages"}],"about":[{"href":"https:\/\/www.douglasfisiopilates.com.br\/site\/wp-json\/wp\/v2\/types\/page"}],"author":[{"embeddable":true,"href":"https:\/\/www.douglasfisiopilates.com.br\/site\/wp-json\/wp\/v2\/users\/1"}],"replies":[{"embeddable":true,"href":"https:\/\/www.douglasfisiopilates.com.br\/site\/wp-json\/wp\/v2\/comments?post=8"}],"version-history":[{"count":24,"href":"https:\/\/www.douglasfisiopilates.com.br\/site\/wp-json\/wp\/v2\/pages\/8\/revisions"}],"predecessor-version":[{"id":418,"href":"https:\/\/www.douglasfisiopilates.com.br\/site\/wp-json\/wp\/v2\/pages\/8\/revisions\/418"}],"wp:attachment":[{"href":"https:\/\/www.douglasfisiopilates.com.br\/site\/wp-json\/wp\/v2\/media?parent=8"}],"curies":[{"name":"wp","href":"https:\/\/api.w.org\/{rel}","templated":true}]}}